{"id":1624,"date":"2024-10-01T17:11:17","date_gmt":"2024-10-01T17:11:17","guid":{"rendered":"https:\/\/stepup-yurtlari.com\/cevremizdeki-universiteler\/"},"modified":"2025-08-22T14:41:24","modified_gmt":"2025-08-22T14:41:24","slug":"universities-around-us","status":"publish","type":"page","link":"https:\/\/stepup-yurtlari.com\/en\/universities-around-us\/","title":{"rendered":"Universities Around Us"},"content":{"rendered":"\t\t<div data-elementor-type=\"wp-page\" data-elementor-id=\"1624\" class=\"elementor elementor-1624 elementor-114\" data-elementor-post-type=\"page\">\n\t\t\t\t<div class=\"elementor-element elementor-element-dde9798 e-flex e-con-boxed e-con e-parent\" data-id=\"dde9798\" data-element_type=\"container\">\n\t\t\t\t\t<div class=\"e-con-inner\">\n\t\t<div class=\"elementor-element elementor-element-c63872b e-con-full e-flex e-con e-child\" data-id=\"c63872b\" data-element_type=\"container\">\n\t\t\t\t<div class=\"elementor-element elementor-element-2b21750 elementor-widget elementor-widget-heading\" data-id=\"2b21750\" data-element_type=\"widget\" data-widget_type=\"heading.default\">\n\t\t\t\t<div class=\"elementor-widget-container\">\n\t\t\t<h3 class=\"elementor-heading-title elementor-size-default\">Stepup Dormitories<\/h3>\t\t<\/div>\n\t\t\t\t<\/div>\n\t\t\t\t<div class=\"elementor-element elementor-element-c89133f elementor-invisible elementor-widget elementor-widget-heading\" data-id=\"c89133f\" data-element_type=\"widget\" data-settings=\"{&quot;_animation&quot;:&quot;bounceInDown&quot;}\" data-widget_type=\"heading.default\">\n\t\t\t\t<div class=\"elementor-widget-container\">\n\t\t\t<h5 class=\"elementor-heading-title elementor-size-default\">Nearby Universities<\/h5>\t\t<\/div>\n\t\t\t\t<\/div>\n\t\t\t\t<div class=\"elementor-element elementor-element-005ee5a elementor-widget elementor-widget-image\" data-id=\"005ee5a\" data-element_type=\"widget\" data-widget_type=\"image.default\">\n\t\t\t\t<div class=\"elementor-widget-container\">\n\t\t\t\t\t\t\t\t\t\t\t\t\t<img fetchpriority=\"high\" decoding=\"async\" width=\"1024\" height=\"165\" src=\"https:\/\/stepup-yurtlari.com\/wp-content\/uploads\/2024\/10\/02-1024x165.png\" class=\"attachment-large size-large wp-image-1132\" alt=\"\" srcset=\"https:\/\/stepup-yurtlari.com\/wp-content\/uploads\/2024\/10\/02-1024x165.png.webp 1024w, https:\/\/stepup-yurtlari.com\/wp-content\/uploads\/2024\/10\/02-300x48.png.webp 300w, https:\/\/stepup-yurtlari.com\/wp-content\/uploads\/2024\/10\/02-768x124.png.webp 768w, https:\/\/stepup-yurtlari.com\/wp-content\/uploads\/2024\/10\/02.png.webp 1349w\" sizes=\"(max-width: 1024px) 100vw, 1024px\" \/>\t\t\t\t\t\t\t\t\t\t\t\t\t<\/div>\n\t\t\t\t<\/div>\n\t\t\t\t<\/div>\n\t\t\t\t\t<\/div>\n\t\t\t\t<\/div>\n\t\t<div class=\"elementor-element elementor-element-b83539f e-flex e-con-boxed e-con e-parent\" data-id=\"b83539f\" data-element_type=\"container\" data-settings=\"{&quot;background_background&quot;:&quot;classic&quot;}\">\n\t\t\t\t\t<div class=\"e-con-inner\">\n\t\t<div class=\"elementor-element elementor-element-b117f46 e-con-full e-flex e-con e-child\" data-id=\"b117f46\" data-element_type=\"container\" data-settings=\"{&quot;background_background&quot;:&quot;classic&quot;}\">\n\t\t\t\t<div class=\"elementor-element elementor-element-6133d6d elementor-widget elementor-widget-text-editor\" data-id=\"6133d6d\" data-element_type=\"widget\" data-widget_type=\"text-editor.default\">\n\t\t\t\t<div class=\"elementor-widget-container\">\n\t\t\t\t\t\t\t<div class=\"flex max-w-full flex-col flex-grow\"><div class=\"min-h-8 text-message flex w-full flex-col items-end gap-2 whitespace-normal break-words [.text-message+&amp;]:mt-5\" dir=\"auto\" data-message-author-role=\"assistant\" data-message-id=\"6e8a3c66-f9b3-4775-b9b2-4c8778061cbe\" data-message-model-slug=\"gpt-4o\"><div class=\"flex w-full flex-col gap-1 empty:hidden first:pt-[3px]\"><div class=\"markdown prose w-full break-words dark:prose-invert light\"><ul><li>Istanbul University is 1.8 km away, accessible by car in 5 minutes or a 20-minute walk.<\/li><li>Gelisim University is 1.9 km away, reachable by car in 5 minutes or a 21-minute walk.<\/li><li>Mustafa Kemal Pasha Metrobus Station is 750 meters away, a 9-minute walk.<\/li><li>Esenyurt University is 5.2 km away, an 11-minute drive.<\/li><li>Beykent University is 8.9 km away, a 15-minute drive.<\/li><li>Istanbul Arel University, Tepekent Campus, is 23.6 km away, a 40-minute drive.<\/li><li>Istanbul Arel University, Sefakoy Campus, is 10.9 km away, a 23-minute drive.<\/li><li>Aydin University is 9.8 km away, a 20-minute drive.<\/li><li>Kultur University is 12.8 km away, a 28-minute drive.<\/li><\/ul><p>This information helps students understand the distances and available transportation options to reach nearby universities.<\/p><\/div><\/div><\/div><\/div>\t\t\t\t\t\t<\/div>\n\t\t\t\t<\/div>\n\t\t\t\t<\/div>\n\t\t<div class=\"elementor-element elementor-element-8080a6a e-con-full e-flex e-con e-child\" data-id=\"8080a6a\" data-element_type=\"container\">\n\t\t\t\t<div class=\"elementor-element elementor-element-27ac058 elementor-widget elementor-widget-google_maps\" data-id=\"27ac058\" data-element_type=\"widget\" data-widget_type=\"google_maps.default\">\n\t\t\t\t<div class=\"elementor-widget-container\">\n\t\t\t\t\t<div class=\"elementor-custom-embed\">\n\t\t\t<iframe loading=\"lazy\"\n\t\t\t\t\tsrc=\"https:\/\/maps.google.com\/maps?q=%C3%9Cniversite%20Mahallesi%20%C5%9Eehit%20Kadir%20Demir%20Sokak%20No%3A7%20Avc%C4%B1lar%2F%C4%B0stanbul&#038;t=m&#038;z=10&#038;output=embed&#038;iwloc=near\"\n\t\t\t\t\ttitle=\"\u00dcniversite Mahallesi \u015eehit Kadir Demir Sokak No:7 Avc\u0131lar\/\u0130stanbul\"\n\t\t\t\t\taria-label=\"\u00dcniversite Mahallesi \u015eehit Kadir Demir Sokak No:7 Avc\u0131lar\/\u0130stanbul\"\n\t\t\t><\/iframe>\n\t\t<\/div>\n\t\t\t\t<\/div>\n\t\t\t\t<\/div>\n\t\t\t\t<\/div>\n\t\t\t\t\t<\/div>\n\t\t\t\t<\/div>\n\t\t\t\t<\/div>\n\t\t","protected":false},"excerpt":{"rendered":"<p>Stepup Dormitories Nearby Universities Istanbul University is 1.8 km away, accessible by car in 5 minutes or a 20-minute walk. [&hellip;]<\/p>\n","protected":false},"author":1,"featured_media":3014,"parent":0,"menu_order":0,"comment_status":"closed","ping_status":"closed","template":"","meta":{"site-sidebar-layout":"no-sidebar","site-content-layout":"","ast-site-content-layout":"full-width-container","site-content-style":"default","site-sidebar-style":"default","ast-global-header-display":"","ast-banner-title-visibility":"","ast-main-header-display":"","ast-hfb-above-header-display":"","ast-hfb-below-header-display":"","ast-hfb-mobile-header-display":"","site-post-title":"disabled","ast-breadcrumbs-content":"","ast-featured-img":"disabled","footer-sml-layout":"","theme-transparent-header-meta":"default","adv-header-id-meta":"","stick-header-meta":"","header-above-stick-meta":"","header-main-stick-meta":"","header-below-stick-meta":"","astra-migrate-meta-layouts":"default","ast-page-background-enabled":"default","ast-page-background-meta":{"desktop":{"background-color":"var(--ast-global-color-4)","background-image":"","background-repeat":"repeat","background-position":"center center","background-size":"auto","background-attachment":"scroll","background-type":"","background-media":"","overlay-type":"","overlay-color":"","overlay-opacity":"","overlay-gradient":""},"tablet":{"background-color":"","background-image":"","background-repeat":"repeat","background-position":"center center","background-size":"auto","background-attachment":"scroll","background-type":"","background-media":"","overlay-type":"","overlay-color":"","overlay-opacity":"","overlay-gradient":""},"mobile":{"background-color":"","background-image":"","background-repeat":"repeat","background-position":"center center","background-size":"auto","background-attachment":"scroll","background-type":"","background-media":"","overlay-type":"","overlay-color":"","overlay-opacity":"","overlay-gradient":""}},"ast-content-background-meta":{"desktop":{"background-color":"var(--ast-global-color-5)","background-image":"","background-repeat":"repeat","background-position":"center center","background-size":"auto","background-attachment":"scroll","background-type":"","background-media":"","overlay-type":"","overlay-color":"","overlay-opacity":"","overlay-gradient":""},"tablet":{"background-color":"var(--ast-global-color-5)","background-image":"","background-repeat":"repeat","background-position":"center center","background-size":"auto","background-attachment":"scroll","background-type":"","background-media":"","overlay-type":"","overlay-color":"","overlay-opacity":"","overlay-gradient":""},"mobile":{"background-color":"var(--ast-global-color-5)","background-image":"","background-repeat":"repeat","background-position":"center center","background-size":"auto","background-attachment":"scroll","background-type":"","background-media":"","overlay-type":"","overlay-color":"","overlay-opacity":"","overlay-gradient":""}},"footnotes":""},"class_list":["post-1624","page","type-page","status-publish","has-post-thumbnail","hentry"],"_links":{"self":[{"href":"https:\/\/stepup-yurtlari.com\/en\/wp-json\/wp\/v2\/pages\/1624"}],"collection":[{"href":"https:\/\/stepup-yurtlari.com\/en\/wp-json\/wp\/v2\/pages"}],"about":[{"href":"https:\/\/stepup-yurtlari.com\/en\/wp-json\/wp\/v2\/types\/page"}],"author":[{"embeddable":true,"href":"https:\/\/stepup-yurtlari.com\/en\/wp-json\/wp\/v2\/users\/1"}],"replies":[{"embeddable":true,"href":"https:\/\/stepup-yurtlari.com\/en\/wp-json\/wp\/v2\/comments?post=1624"}],"version-history":[{"count":20,"href":"https:\/\/stepup-yurtlari.com\/en\/wp-json\/wp\/v2\/pages\/1624\/revisions"}],"predecessor-version":[{"id":7127,"href":"https:\/\/stepup-yurtlari.com\/en\/wp-json\/wp\/v2\/pages\/1624\/revisions\/7127"}],"wp:featuredmedia":[{"embeddable":true,"href":"https:\/\/stepup-yurtlari.com\/en\/wp-json\/wp\/v2\/media\/3014"}],"wp:attachment":[{"href":"https:\/\/stepup-yurtlari.com\/en\/wp-json\/wp\/v2\/media?parent=1624"}],"curies":[{"name":"wp","href":"https:\/\/api.w.org\/{rel}","templated":true}]}}