{"id":1587,"date":"2024-10-07T11:53:20","date_gmt":"2024-10-07T11:53:20","guid":{"rendered":"https:\/\/stepup-yurtlari.com\/3-kisilik-oda\/"},"modified":"2025-08-22T13:32:18","modified_gmt":"2025-08-22T13:32:18","slug":"triple-room","status":"publish","type":"page","link":"https:\/\/stepup-yurtlari.com\/en\/triple-room\/","title":{"rendered":"Triple Room"},"content":{"rendered":"\t\t<div data-elementor-type=\"wp-page\" data-elementor-id=\"1587\" class=\"elementor elementor-1587 elementor-1158\" data-elementor-post-type=\"page\">\n\t\t\t\t<div class=\"elementor-element elementor-element-029f439 e-flex e-con-boxed e-con e-parent\" data-id=\"029f439\" data-element_type=\"container\" data-settings=\"{&quot;background_background&quot;:&quot;classic&quot;}\">\n\t\t\t\t\t<div class=\"e-con-inner\">\n\t\t<div class=\"elementor-element elementor-element-34f9ce5 e-con-full e-flex e-con e-child\" data-id=\"34f9ce5\" data-element_type=\"container\">\n\t\t\t\t<\/div>\n\t\t\t\t\t<\/div>\n\t\t\t\t<\/div>\n\t\t<div class=\"elementor-element elementor-element-37cc280 e-flex e-con-boxed e-con e-parent\" data-id=\"37cc280\" data-element_type=\"container\">\n\t\t\t\t\t<div class=\"e-con-inner\">\n\t\t<div class=\"elementor-element elementor-element-3168ad9 e-con-full e-flex e-con e-child\" data-id=\"3168ad9\" data-element_type=\"container\">\n\t\t\t\t<div class=\"elementor-element elementor-element-c456d98 elementor-view-default elementor-position-top elementor-mobile-position-top elementor-widget elementor-widget-icon-box\" data-id=\"c456d98\" data-element_type=\"widget\" data-widget_type=\"icon-box.default\">\n\t\t\t\t<div class=\"elementor-widget-container\">\n\t\t\t\t\t<div class=\"elementor-icon-box-wrapper\">\n\n\t\t\t\t\t\t<div class=\"elementor-icon-box-icon\">\n\t\t\t\t<span  class=\"elementor-icon elementor-animation-\">\n\t\t\t\t<svg aria-hidden=\"true\" class=\"e-font-icon-svg e-far-arrow-alt-circle-right\" viewBox=\"0 0 512 512\" xmlns=\"http:\/\/www.w3.org\/2000\/svg\"><path d=\"M504 256C504 119 393 8 256 8S8 119 8 256s111 248 248 248 248-111 248-248zm-448 0c0-110.5 89.5-200 200-200s200 89.5 200 200-89.5 200-200 200S56 366.5 56 256zm72 20v-40c0-6.6 5.4-12 12-12h116v-67c0-10.7 12.9-16 20.5-8.5l99 99c4.7 4.7 4.7 12.3 0 17l-99 99c-7.6 7.6-20.5 2.2-20.5-8.5v-67H140c-6.6 0-12-5.4-12-12z\"><\/path><\/svg>\t\t\t\t<\/span>\n\t\t\t<\/div>\n\t\t\t\n\t\t\t\t\t\t<div class=\"elementor-icon-box-content\">\n\n\t\t\t\t\t\t\t\t\t<h2 class=\"elementor-icon-box-title\">\n\t\t\t\t\t\t<span  >\n\t\t\t\t\t\t\tComfortable and Safe Rooms at StepUp Dormitories\t\t\t\t\t\t<\/span>\n\t\t\t\t\t<\/h2>\n\t\t\t\t\n\t\t\t\t\n\t\t\t<\/div>\n\t\t\t\n\t\t<\/div>\n\t\t\t\t<\/div>\n\t\t\t\t<\/div>\n\t\t\t\t<\/div>\n\t\t<div class=\"elementor-element elementor-element-dd619e5 e-con-full e-flex e-con e-child\" data-id=\"dd619e5\" data-element_type=\"container\">\n\t\t\t\t<div class=\"elementor-element elementor-element-a071697 elementor-widget elementor-widget-text-editor\" data-id=\"a071697\" data-element_type=\"widget\" data-widget_type=\"text-editor.default\">\n\t\t\t\t<div class=\"elementor-widget-container\">\n\t\t\t\t\t\t\t<p>We offer comfortable rooms equipped with everything you need to ensure a cozy and secure environment for studying and relaxation. Our rooms feature modern furniture and spacious layouts, maintaining the highest standards of cleanliness and comfort. We also offer multiple options to suit your personal needs.<\/p><p><strong>Additional Services<\/strong><\/p><ul><li>High-speed internet service<\/li><li>Regular cleaning and maintenance<\/li><li>Quiet atmosphere to support your academic achievements<\/li><\/ul><p>Book your room now and enjoy a comfortable stay at StepUp Dormitories<\/p>\t\t\t\t\t\t<\/div>\n\t\t\t\t<\/div>\n\t\t\t\t<\/div>\n\t\t\t\t\t<\/div>\n\t\t\t\t<\/div>\n\t\t<div class=\"elementor-element elementor-element-65d5f6c e-flex e-con-boxed e-con e-parent\" data-id=\"65d5f6c\" data-element_type=\"container\">\n\t\t\t\t\t<div class=\"e-con-inner\">\n\t\t<div class=\"elementor-element elementor-element-eb29617 e-con-full e-flex e-con e-child\" data-id=\"eb29617\" data-element_type=\"container\">\n\t\t\t\t<div class=\"elementor-element elementor-element-503c45b elementor-widget elementor-widget-heading\" data-id=\"503c45b\" data-element_type=\"widget\" data-widget_type=\"heading.default\">\n\t\t\t\t<div class=\"elementor-widget-container\">\n\t\t\t<h3 class=\"elementor-heading-title elementor-size-default\">StepUp Dormitories<\/h3>\t\t<\/div>\n\t\t\t\t<\/div>\n\t\t\t\t<div class=\"elementor-element elementor-element-95efb65 elementor-invisible elementor-widget elementor-widget-heading\" data-id=\"95efb65\" data-element_type=\"widget\" data-settings=\"{&quot;_animation&quot;:&quot;bounceInDown&quot;}\" data-widget_type=\"heading.default\">\n\t\t\t\t<div class=\"elementor-widget-container\">\n\t\t\t<h5 class=\"elementor-heading-title elementor-size-default\">Triple Room<\/h5>\t\t<\/div>\n\t\t\t\t<\/div>\n\t\t\t\t<div class=\"elementor-element elementor-element-8e8ef69 elementor-widget elementor-widget-gallery\" data-id=\"8e8ef69\" data-element_type=\"widget\" data-settings=\"{&quot;columns&quot;:3,&quot;lazyload&quot;:&quot;yes&quot;,&quot;gallery_layout&quot;:&quot;grid&quot;,&quot;columns_tablet&quot;:2,&quot;columns_mobile&quot;:1,&quot;gap&quot;:{&quot;unit&quot;:&quot;px&quot;,&quot;size&quot;:10,&quot;sizes&quot;:[]},&quot;gap_tablet&quot;:{&quot;unit&quot;:&quot;px&quot;,&quot;size&quot;:10,&quot;sizes&quot;:[]},&quot;gap_mobile&quot;:{&quot;unit&quot;:&quot;px&quot;,&quot;size&quot;:10,&quot;sizes&quot;:[]},&quot;link_to&quot;:&quot;file&quot;,&quot;aspect_ratio&quot;:&quot;3:2&quot;,&quot;overlay_background&quot;:&quot;yes&quot;,&quot;content_hover_animation&quot;:&quot;fade-in&quot;}\" data-widget_type=\"gallery.default\">\n\t\t\t\t<div class=\"elementor-widget-container\">\n\t\t\t\t\t<div class=\"elementor-gallery__container\">\n\t\t\t\t\t\t\t<a class=\"e-gallery-item elementor-gallery-item elementor-animated-content\" href=\"https:\/\/stepup-yurtlari.com\/wp-content\/uploads\/2024\/10\/2q.jpeg\" data-elementor-open-lightbox=\"yes\" data-elementor-lightbox-slideshow=\"8e8ef69\" data-elementor-lightbox-title=\"Stepup Yurtlari\" data-elementor-lightbox-description=\"Stepup Yurtlari\" data-e-action-hash=\"#elementor-action%3Aaction%3Dlightbox%26settings%3DeyJpZCI6MzcxLCJ1cmwiOiJodHRwczpcL1wvc3RlcHVwLXl1cnRsYXJpLmNvbVwvd3AtY29udGVudFwvdXBsb2Fkc1wvMjAyNFwvMTBcLzJxLmpwZWciLCJzbGlkZXNob3ciOiI4ZThlZjY5In0%3D\">\n\t\t\t\t\t<div class=\"e-gallery-image elementor-gallery-item__image\" data-thumbnail=\"https:\/\/stepup-yurtlari.com\/wp-content\/uploads\/2024\/10\/2q-225x300.jpeg\" data-width=\"225\" data-height=\"300\" aria-label=\"Canan Da\u011fdeviren K\u0131z \u00d6\u011frenci Yurdu\" role=\"img\" ><\/div>\n\t\t\t\t\t\t\t\t\t\t\t<div class=\"elementor-gallery-item__overlay\"><\/div>\n\t\t\t\t\t\t\t\t\t\t\t\t\t\t<\/a>\n\t\t\t\t\t\t\t<a class=\"e-gallery-item elementor-gallery-item elementor-animated-content\" href=\"https:\/\/stepup-yurtlari.com\/wp-content\/uploads\/2024\/10\/5.jpeg\" data-elementor-open-lightbox=\"yes\" data-elementor-lightbox-slideshow=\"8e8ef69\" data-elementor-lightbox-title=\"Canan Da\u011fdeviren K\u0131z \u00d6\u011frenci Yurdu\" data-elementor-lightbox-description=\"Canan Da\u011fdeviren K\u0131z \u00d6\u011frenci Yurdu\" data-e-action-hash=\"#elementor-action%3Aaction%3Dlightbox%26settings%3DeyJpZCI6MzcyLCJ1cmwiOiJodHRwczpcL1wvc3RlcHVwLXl1cnRsYXJpLmNvbVwvd3AtY29udGVudFwvdXBsb2Fkc1wvMjAyNFwvMTBcLzUuanBlZyIsInNsaWRlc2hvdyI6IjhlOGVmNjkifQ%3D%3D\">\n\t\t\t\t\t<div class=\"e-gallery-image elementor-gallery-item__image\" data-thumbnail=\"https:\/\/stepup-yurtlari.com\/wp-content\/uploads\/2024\/10\/5-225x300.jpeg\" data-width=\"225\" data-height=\"300\" aria-label=\"Canan Da\u011fdeviren K\u0131z \u00d6\u011frenci Yurdu\" role=\"img\" ><\/div>\n\t\t\t\t\t\t\t\t\t\t\t<div class=\"elementor-gallery-item__overlay\"><\/div>\n\t\t\t\t\t\t\t\t\t\t\t\t\t\t<\/a>\n\t\t\t\t\t\t\t<a class=\"e-gallery-item elementor-gallery-item elementor-animated-content\" href=\"https:\/\/stepup-yurtlari.com\/wp-content\/uploads\/2024\/10\/1.jpeg\" data-elementor-open-lightbox=\"yes\" data-elementor-lightbox-slideshow=\"8e8ef69\" data-elementor-lightbox-title=\"Stepup Yurtlari\" data-elementor-lightbox-description=\"Stepup Yurtlari\" data-e-action-hash=\"#elementor-action%3Aaction%3Dlightbox%26settings%3DeyJpZCI6MzYzLCJ1cmwiOiJodHRwczpcL1wvc3RlcHVwLXl1cnRsYXJpLmNvbVwvd3AtY29udGVudFwvdXBsb2Fkc1wvMjAyNFwvMTBcLzEuanBlZyIsInNsaWRlc2hvdyI6IjhlOGVmNjkifQ%3D%3D\">\n\t\t\t\t\t<div class=\"e-gallery-image elementor-gallery-item__image\" data-thumbnail=\"https:\/\/stepup-yurtlari.com\/wp-content\/uploads\/2024\/10\/1-225x300.jpeg\" data-width=\"225\" data-height=\"300\" aria-label=\"Canan Da\u011fdeviren K\u0131z \u00d6\u011frenci Yurdu\" role=\"img\" ><\/div>\n\t\t\t\t\t\t\t\t\t\t\t<div class=\"elementor-gallery-item__overlay\"><\/div>\n\t\t\t\t\t\t\t\t\t\t\t\t\t\t<\/a>\n\t\t\t\t\t\t\t<a class=\"e-gallery-item elementor-gallery-item elementor-animated-content\" href=\"https:\/\/stepup-yurtlari.com\/wp-content\/uploads\/2024\/10\/photo_\u0662\u0660\u0662\u0664-\u0661\u0660-\u0660\u0667_\u0661\u0660-\u0662\u0663-\u0664\u0662.jpg\" data-elementor-open-lightbox=\"yes\" data-elementor-lightbox-slideshow=\"8e8ef69\" data-elementor-lightbox-title=\"Canan Da\u011fdeviren K\u0131z \u00d6\u011frenci Yurdu\" data-elementor-lightbox-description=\"Canan Da\u011fdeviren K\u0131z \u00d6\u011frenci Yurdu\" data-e-action-hash=\"#elementor-action%3Aaction%3Dlightbox%26settings%3DeyJpZCI6ODEzLCJ1cmwiOiJodHRwczpcL1wvc3RlcHVwLXl1cnRsYXJpLmNvbVwvd3AtY29udGVudFwvdXBsb2Fkc1wvMjAyNFwvMTBcL3Bob3RvX1x1MDY2Mlx1MDY2MFx1MDY2Mlx1MDY2NC1cdTA2NjFcdTA2NjAtXHUwNjYwXHUwNjY3X1x1MDY2MVx1MDY2MC1cdTA2NjJcdTA2NjMtXHUwNjY0XHUwNjYyLmpwZyIsInNsaWRlc2hvdyI6IjhlOGVmNjkifQ%3D%3D\">\n\t\t\t\t\t<div class=\"e-gallery-image elementor-gallery-item__image\" data-thumbnail=\"https:\/\/stepup-yurtlari.com\/wp-content\/uploads\/2024\/10\/photo_\u0662\u0660\u0662\u0664-\u0661\u0660-\u0660\u0667_\u0661\u0660-\u0662\u0663-\u0664\u0662-300x169.jpg\" data-width=\"300\" data-height=\"169\" aria-label=\"Canan Da\u011fdeviren K\u0131z \u00d6\u011frenci Yurdu\" role=\"img\" ><\/div>\n\t\t\t\t\t\t\t\t\t\t\t<div class=\"elementor-gallery-item__overlay\"><\/div>\n\t\t\t\t\t\t\t\t\t\t\t\t\t\t<\/a>\n\t\t\t\t\t\t\t<a class=\"e-gallery-item elementor-gallery-item elementor-animated-content\" href=\"https:\/\/stepup-yurtlari.com\/wp-content\/uploads\/2024\/10\/photo_\u0662\u0660\u0662\u0664-\u0661\u0660-\u0660\u0667_\u0661\u0665-\u0660\u0667-\u0663\u0666.jpg\" data-elementor-open-lightbox=\"yes\" data-elementor-lightbox-slideshow=\"8e8ef69\" data-elementor-lightbox-title=\"Canan Da\u011fdeviren K\u0131z \u00d6\u011frenci Yurdu\" data-elementor-lightbox-description=\"Canan Da\u011fdeviren K\u0131z \u00d6\u011frenci Yurdu\" data-e-action-hash=\"#elementor-action%3Aaction%3Dlightbox%26settings%3DeyJpZCI6MTE2MiwidXJsIjoiaHR0cHM6XC9cL3N0ZXB1cC15dXJ0bGFyaS5jb21cL3dwLWNvbnRlbnRcL3VwbG9hZHNcLzIwMjRcLzEwXC9waG90b19cdTA2NjJcdTA2NjBcdTA2NjJcdTA2NjQtXHUwNjYxXHUwNjYwLVx1MDY2MFx1MDY2N19cdTA2NjFcdTA2NjUtXHUwNjYwXHUwNjY3LVx1MDY2M1x1MDY2Ni5qcGciLCJzbGlkZXNob3ciOiI4ZThlZjY5In0%3D\">\n\t\t\t\t\t<div class=\"e-gallery-image elementor-gallery-item__image\" data-thumbnail=\"https:\/\/stepup-yurtlari.com\/wp-content\/uploads\/2024\/10\/photo_\u0662\u0660\u0662\u0664-\u0661\u0660-\u0660\u0667_\u0661\u0665-\u0660\u0667-\u0663\u0666-300x169.jpg\" data-width=\"300\" data-height=\"169\" aria-label=\"\" role=\"img\" ><\/div>\n\t\t\t\t\t\t\t\t\t\t\t<div class=\"elementor-gallery-item__overlay\"><\/div>\n\t\t\t\t\t\t\t\t\t\t\t\t\t\t<\/a>\n\t\t\t\t\t\t\t<a class=\"e-gallery-item elementor-gallery-item elementor-animated-content\" href=\"https:\/\/stepup-yurtlari.com\/wp-content\/uploads\/2024\/10\/photo_\u0662\u0660\u0662\u0664-\u0661\u0660-\u0660\u0667_\u0661\u0665-\u0660\u0667-\u0663\u0669.jpg\" data-elementor-open-lightbox=\"yes\" data-elementor-lightbox-slideshow=\"8e8ef69\" data-elementor-lightbox-title=\"Canan Da\u011fdeviren K\u0131z \u00d6\u011frenci Yurdu\" data-elementor-lightbox-description=\"Canan Da\u011fdeviren K\u0131z \u00d6\u011frenci Yurdu\" data-e-action-hash=\"#elementor-action%3Aaction%3Dlightbox%26settings%3DeyJpZCI6MTE2MywidXJsIjoiaHR0cHM6XC9cL3N0ZXB1cC15dXJ0bGFyaS5jb21cL3dwLWNvbnRlbnRcL3VwbG9hZHNcLzIwMjRcLzEwXC9waG90b19cdTA2NjJcdTA2NjBcdTA2NjJcdTA2NjQtXHUwNjYxXHUwNjYwLVx1MDY2MFx1MDY2N19cdTA2NjFcdTA2NjUtXHUwNjYwXHUwNjY3LVx1MDY2M1x1MDY2OS5qcGciLCJzbGlkZXNob3ciOiI4ZThlZjY5In0%3D\">\n\t\t\t\t\t<div class=\"e-gallery-image elementor-gallery-item__image\" data-thumbnail=\"https:\/\/stepup-yurtlari.com\/wp-content\/uploads\/2024\/10\/photo_\u0662\u0660\u0662\u0664-\u0661\u0660-\u0660\u0667_\u0661\u0665-\u0660\u0667-\u0663\u0669-300x169.jpg\" data-width=\"300\" data-height=\"169\" aria-label=\"\" role=\"img\" ><\/div>\n\t\t\t\t\t\t\t\t\t\t\t<div class=\"elementor-gallery-item__overlay\"><\/div>\n\t\t\t\t\t\t\t\t\t\t\t\t\t\t<\/a>\n\t\t\t\t\t<\/div>\n\t\t\t<\/div>\n\t\t\t\t<\/div>\n\t\t\t\t<\/div>\n\t\t\t\t\t<\/div>\n\t\t\t\t<\/div>\n\t\t\t\t<\/div>\n\t\t","protected":false},"excerpt":{"rendered":"<p>Comfortable and Safe Rooms at StepUp Dormitories We offer comfortable rooms equipped with everything you need to ensure a cozy [&hellip;]<\/p>\n","protected":false},"author":2,"featured_media":3014,"parent":0,"menu_order":0,"comment_status":"closed","ping_status":"closed","template":"","meta":{"site-sidebar-layout":"no-sidebar","site-content-layout":"","ast-site-content-layout":"full-width-container","site-content-style":"default","site-sidebar-style":"default","ast-global-header-display":"","ast-banner-title-visibility":"","ast-main-header-display":"","ast-hfb-above-header-display":"","ast-hfb-below-header-display":"","ast-hfb-mobile-header-display":"","site-post-title":"disabled","ast-breadcrumbs-content":"","ast-featured-img":"disabled","footer-sml-layout":"","theme-transparent-header-meta":"default","adv-header-id-meta":"","stick-header-meta":"","header-above-stick-meta":"","header-main-stick-meta":"","header-below-stick-meta":"","astra-migrate-meta-layouts":"default","ast-page-background-enabled":"default","ast-page-background-meta":{"desktop":{"background-color":"var(--ast-global-color-4)","background-image":"","background-repeat":"repeat","background-position":"center center","background-size":"auto","background-attachment":"scroll","background-type":"","background-media":"","overlay-type":"","overlay-color":"","overlay-opacity":"","overlay-gradient":""},"tablet":{"background-color":"","background-image":"","background-repeat":"repeat","background-position":"center center","background-size":"auto","background-attachment":"scroll","background-type":"","background-media":"","overlay-type":"","overlay-color":"","overlay-opacity":"","overlay-gradient":""},"mobile":{"background-color":"","background-image":"","background-repeat":"repeat","background-position":"center center","background-size":"auto","background-attachment":"scroll","background-type":"","background-media":"","overlay-type":"","overlay-color":"","overlay-opacity":"","overlay-gradient":""}},"ast-content-background-meta":{"desktop":{"background-color":"var(--ast-global-color-5)","background-image":"","background-repeat":"repeat","background-position":"center center","background-size":"auto","background-attachment":"scroll","background-type":"","background-media":"","overlay-type":"","overlay-color":"","overlay-opacity":"","overlay-gradient":""},"tablet":{"background-color":"var(--ast-global-color-5)","background-image":"","background-repeat":"repeat","background-position":"center center","background-size":"auto","background-attachment":"scroll","background-type":"","background-media":"","overlay-type":"","overlay-color":"","overlay-opacity":"","overlay-gradient":""},"mobile":{"background-color":"var(--ast-global-color-5)","background-image":"","background-repeat":"repeat","background-position":"center center","background-size":"auto","background-attachment":"scroll","background-type":"","background-media":"","overlay-type":"","overlay-color":"","overlay-opacity":"","overlay-gradient":""}},"footnotes":""},"class_list":["post-1587","page","type-page","status-publish","has-post-thumbnail","hentry"],"_links":{"self":[{"href":"https:\/\/stepup-yurtlari.com\/en\/wp-json\/wp\/v2\/pages\/1587"}],"collection":[{"href":"https:\/\/stepup-yurtlari.com\/en\/wp-json\/wp\/v2\/pages"}],"about":[{"href":"https:\/\/stepup-yurtlari.com\/en\/wp-json\/wp\/v2\/types\/page"}],"author":[{"embeddable":true,"href":"https:\/\/stepup-yurtlari.com\/en\/wp-json\/wp\/v2\/users\/2"}],"replies":[{"embeddable":true,"href":"https:\/\/stepup-yurtlari.com\/en\/wp-json\/wp\/v2\/comments?post=1587"}],"version-history":[{"count":23,"href":"https:\/\/stepup-yurtlari.com\/en\/wp-json\/wp\/v2\/pages\/1587\/revisions"}],"predecessor-version":[{"id":7075,"href":"https:\/\/stepup-yurtlari.com\/en\/wp-json\/wp\/v2\/pages\/1587\/revisions\/7075"}],"wp:featuredmedia":[{"embeddable":true,"href":"https:\/\/stepup-yurtlari.com\/en\/wp-json\/wp\/v2\/media\/3014"}],"wp:attachment":[{"href":"https:\/\/stepup-yurtlari.com\/en\/wp-json\/wp\/v2\/media?parent=1587"}],"curies":[{"name":"wp","href":"https:\/\/api.w.org\/{rel}","templated":true}]}}