{"id":1581,"date":"2024-10-07T12:44:23","date_gmt":"2024-10-07T12:44:23","guid":{"rendered":"https:\/\/stepup-yurtlari.com\/21-vip-oda\/"},"modified":"2025-08-22T13:42:18","modified_gmt":"2025-08-22T13:42:18","slug":"vip-room-with-two-bedrooms-and-a-living-room","status":"publish","type":"page","link":"https:\/\/stepup-yurtlari.com\/en\/vip-room-with-two-bedrooms-and-a-living-room\/","title":{"rendered":"VIP Room with Two Bedrooms and a Living Room"},"content":{"rendered":"\t\t<div data-elementor-type=\"wp-page\" data-elementor-id=\"1581\" class=\"elementor elementor-1581 elementor-1245\" data-elementor-post-type=\"page\">\n\t\t\t\t<div class=\"elementor-element elementor-element-1cea342 e-flex e-con-boxed e-con e-parent\" data-id=\"1cea342\" data-element_type=\"container\" data-settings=\"{&quot;background_background&quot;:&quot;classic&quot;}\">\n\t\t\t\t\t<div class=\"e-con-inner\">\n\t\t<div class=\"elementor-element elementor-element-dd40b8a e-con-full e-flex e-con e-child\" data-id=\"dd40b8a\" data-element_type=\"container\">\n\t\t\t\t<\/div>\n\t\t\t\t\t<\/div>\n\t\t\t\t<\/div>\n\t\t<div class=\"elementor-element elementor-element-279f5d4 e-flex e-con-boxed e-con e-parent\" data-id=\"279f5d4\" data-element_type=\"container\">\n\t\t\t\t\t<div class=\"e-con-inner\">\n\t\t<div class=\"elementor-element elementor-element-111f927 e-con-full e-flex e-con e-child\" data-id=\"111f927\" data-element_type=\"container\">\n\t\t\t\t<div class=\"elementor-element elementor-element-5f3134d elementor-view-default elementor-position-top elementor-mobile-position-top elementor-widget elementor-widget-icon-box\" data-id=\"5f3134d\" data-element_type=\"widget\" data-widget_type=\"icon-box.default\">\n\t\t\t\t<div class=\"elementor-widget-container\">\n\t\t\t\t\t<div class=\"elementor-icon-box-wrapper\">\n\n\t\t\t\t\t\t<div class=\"elementor-icon-box-icon\">\n\t\t\t\t<span  class=\"elementor-icon elementor-animation-\">\n\t\t\t\t<svg aria-hidden=\"true\" class=\"e-font-icon-svg e-far-arrow-alt-circle-right\" viewBox=\"0 0 512 512\" xmlns=\"http:\/\/www.w3.org\/2000\/svg\"><path d=\"M504 256C504 119 393 8 256 8S8 119 8 256s111 248 248 248 248-111 248-248zm-448 0c0-110.5 89.5-200 200-200s200 89.5 200 200-89.5 200-200 200S56 366.5 56 256zm72 20v-40c0-6.6 5.4-12 12-12h116v-67c0-10.7 12.9-16 20.5-8.5l99 99c4.7 4.7 4.7 12.3 0 17l-99 99c-7.6 7.6-20.5 2.2-20.5-8.5v-67H140c-6.6 0-12-5.4-12-12z\"><\/path><\/svg>\t\t\t\t<\/span>\n\t\t\t<\/div>\n\t\t\t\n\t\t\t\t\t\t<div class=\"elementor-icon-box-content\">\n\n\t\t\t\t\t\t\t\t\t<h2 class=\"elementor-icon-box-title\">\n\t\t\t\t\t\t<span  >\n\t\t\t\t\t\t\tComfortable and Safe Rooms at Stepup Dormitories\t\t\t\t\t\t<\/span>\n\t\t\t\t\t<\/h2>\n\t\t\t\t\n\t\t\t\t\n\t\t\t<\/div>\n\t\t\t\n\t\t<\/div>\n\t\t\t\t<\/div>\n\t\t\t\t<\/div>\n\t\t\t\t<\/div>\n\t\t<div class=\"elementor-element elementor-element-c3b9bd1 e-con-full e-flex e-con e-child\" data-id=\"c3b9bd1\" data-element_type=\"container\">\n\t\t\t\t<div class=\"elementor-element elementor-element-023b833 elementor-widget elementor-widget-text-editor\" data-id=\"023b833\" data-element_type=\"widget\" data-widget_type=\"text-editor.default\">\n\t\t\t\t<div class=\"elementor-widget-container\">\n\t\t\t\t\t\t\t<p>We offer comfortable rooms equipped with everything you need to ensure a cozy and secure environment for studying and relaxation. Our rooms feature modern furniture and spacious layouts, maintaining the highest standards of cleanliness and comfort. We also offer multiple options to suit your personal needs.<\/p><p><strong>Additional Services<\/strong><\/p><ul><li>High-speed internet service<\/li><li>Regular cleaning and maintenance<\/li><li>Quiet atmosphere to support your academic achievements<\/li><\/ul><p>Book your room now and enjoy a comfortable stay at Stepup Dormitories<\/p>\t\t\t\t\t\t<\/div>\n\t\t\t\t<\/div>\n\t\t\t\t<\/div>\n\t\t\t\t\t<\/div>\n\t\t\t\t<\/div>\n\t\t<div class=\"elementor-element elementor-element-8c1a62f e-flex e-con-boxed e-con e-parent\" data-id=\"8c1a62f\" data-element_type=\"container\">\n\t\t\t\t\t<div class=\"e-con-inner\">\n\t\t<div class=\"elementor-element elementor-element-c5bddac e-con-full e-flex e-con e-child\" data-id=\"c5bddac\" data-element_type=\"container\">\n\t\t\t\t<div class=\"elementor-element elementor-element-920419b elementor-widget elementor-widget-heading\" data-id=\"920419b\" data-element_type=\"widget\" data-widget_type=\"heading.default\">\n\t\t\t\t<div class=\"elementor-widget-container\">\n\t\t\t<h3 class=\"elementor-heading-title elementor-size-default\">Stepup Dormitories<\/h3>\t\t<\/div>\n\t\t\t\t<\/div>\n\t\t\t\t<div class=\"elementor-element elementor-element-5116820 elementor-invisible elementor-widget elementor-widget-heading\" data-id=\"5116820\" data-element_type=\"widget\" data-settings=\"{&quot;_animation&quot;:&quot;bounceInDown&quot;}\" data-widget_type=\"heading.default\">\n\t\t\t\t<div class=\"elementor-widget-container\">\n\t\t\t<h5 class=\"elementor-heading-title elementor-size-default\">VIP Room with Two Bedrooms and a Living Room<\/h5>\t\t<\/div>\n\t\t\t\t<\/div>\n\t\t\t\t<div class=\"elementor-element elementor-element-e2820c4 elementor-widget elementor-widget-gallery\" data-id=\"e2820c4\" data-element_type=\"widget\" data-settings=\"{&quot;columns&quot;:3,&quot;lazyload&quot;:&quot;yes&quot;,&quot;gallery_layout&quot;:&quot;grid&quot;,&quot;columns_tablet&quot;:2,&quot;columns_mobile&quot;:1,&quot;gap&quot;:{&quot;unit&quot;:&quot;px&quot;,&quot;size&quot;:10,&quot;sizes&quot;:[]},&quot;gap_tablet&quot;:{&quot;unit&quot;:&quot;px&quot;,&quot;size&quot;:10,&quot;sizes&quot;:[]},&quot;gap_mobile&quot;:{&quot;unit&quot;:&quot;px&quot;,&quot;size&quot;:10,&quot;sizes&quot;:[]},&quot;link_to&quot;:&quot;file&quot;,&quot;aspect_ratio&quot;:&quot;3:2&quot;,&quot;overlay_background&quot;:&quot;yes&quot;,&quot;content_hover_animation&quot;:&quot;fade-in&quot;}\" data-widget_type=\"gallery.default\">\n\t\t\t\t<div class=\"elementor-widget-container\">\n\t\t\t\t\t<div class=\"elementor-gallery__container\">\n\t\t\t\t\t\t\t<a class=\"e-gallery-item elementor-gallery-item elementor-animated-content\" href=\"https:\/\/stepup-yurtlari.com\/wp-content\/uploads\/2024\/10\/2q.jpeg\" data-elementor-open-lightbox=\"yes\" data-elementor-lightbox-slideshow=\"e2820c4\" data-elementor-lightbox-title=\"Stepup Yurtlari\" data-elementor-lightbox-description=\"Stepup Yurtlari\" data-e-action-hash=\"#elementor-action%3Aaction%3Dlightbox%26settings%3DeyJpZCI6MzcxLCJ1cmwiOiJodHRwczpcL1wvc3RlcHVwLXl1cnRsYXJpLmNvbVwvd3AtY29udGVudFwvdXBsb2Fkc1wvMjAyNFwvMTBcLzJxLmpwZWciLCJzbGlkZXNob3ciOiJlMjgyMGM0In0%3D\">\n\t\t\t\t\t<div class=\"e-gallery-image elementor-gallery-item__image\" data-thumbnail=\"https:\/\/stepup-yurtlari.com\/wp-content\/uploads\/2024\/10\/2q-225x300.jpeg\" data-width=\"225\" data-height=\"300\" aria-label=\"Canan Da\u011fdeviren K\u0131z \u00d6\u011frenci Yurdu\" role=\"img\" ><\/div>\n\t\t\t\t\t\t\t\t\t\t\t<div class=\"elementor-gallery-item__overlay\"><\/div>\n\t\t\t\t\t\t\t\t\t\t\t\t\t\t<\/a>\n\t\t\t\t\t\t\t<a class=\"e-gallery-item elementor-gallery-item elementor-animated-content\" href=\"https:\/\/stepup-yurtlari.com\/wp-content\/uploads\/2024\/10\/5.jpeg\" data-elementor-open-lightbox=\"yes\" data-elementor-lightbox-slideshow=\"e2820c4\" data-elementor-lightbox-title=\"Canan Da\u011fdeviren K\u0131z \u00d6\u011frenci Yurdu\" data-elementor-lightbox-description=\"Canan Da\u011fdeviren K\u0131z \u00d6\u011frenci Yurdu\" data-e-action-hash=\"#elementor-action%3Aaction%3Dlightbox%26settings%3DeyJpZCI6MzcyLCJ1cmwiOiJodHRwczpcL1wvc3RlcHVwLXl1cnRsYXJpLmNvbVwvd3AtY29udGVudFwvdXBsb2Fkc1wvMjAyNFwvMTBcLzUuanBlZyIsInNsaWRlc2hvdyI6ImUyODIwYzQifQ%3D%3D\">\n\t\t\t\t\t<div class=\"e-gallery-image elementor-gallery-item__image\" data-thumbnail=\"https:\/\/stepup-yurtlari.com\/wp-content\/uploads\/2024\/10\/5-225x300.jpeg\" data-width=\"225\" data-height=\"300\" aria-label=\"Canan Da\u011fdeviren K\u0131z \u00d6\u011frenci Yurdu\" role=\"img\" ><\/div>\n\t\t\t\t\t\t\t\t\t\t\t<div class=\"elementor-gallery-item__overlay\"><\/div>\n\t\t\t\t\t\t\t\t\t\t\t\t\t\t<\/a>\n\t\t\t\t\t\t\t<a class=\"e-gallery-item elementor-gallery-item elementor-animated-content\" href=\"https:\/\/stepup-yurtlari.com\/wp-content\/uploads\/2024\/10\/1.jpeg\" data-elementor-open-lightbox=\"yes\" data-elementor-lightbox-slideshow=\"e2820c4\" data-elementor-lightbox-title=\"Stepup Yurtlari\" data-elementor-lightbox-description=\"Stepup Yurtlari\" data-e-action-hash=\"#elementor-action%3Aaction%3Dlightbox%26settings%3DeyJpZCI6MzYzLCJ1cmwiOiJodHRwczpcL1wvc3RlcHVwLXl1cnRsYXJpLmNvbVwvd3AtY29udGVudFwvdXBsb2Fkc1wvMjAyNFwvMTBcLzEuanBlZyIsInNsaWRlc2hvdyI6ImUyODIwYzQifQ%3D%3D\">\n\t\t\t\t\t<div class=\"e-gallery-image elementor-gallery-item__image\" data-thumbnail=\"https:\/\/stepup-yurtlari.com\/wp-content\/uploads\/2024\/10\/1-225x300.jpeg\" data-width=\"225\" data-height=\"300\" aria-label=\"Canan Da\u011fdeviren K\u0131z \u00d6\u011frenci Yurdu\" role=\"img\" ><\/div>\n\t\t\t\t\t\t\t\t\t\t\t<div class=\"elementor-gallery-item__overlay\"><\/div>\n\t\t\t\t\t\t\t\t\t\t\t\t\t\t<\/a>\n\t\t\t\t\t\t\t<a class=\"e-gallery-item elementor-gallery-item elementor-animated-content\" href=\"https:\/\/stepup-yurtlari.com\/wp-content\/uploads\/2024\/10\/photo_\u0662\u0660\u0662\u0664-\u0661\u0660-\u0660\u0667_\u0661\u0660-\u0662\u0663-\u0664\u0660-1.jpg\" data-elementor-open-lightbox=\"yes\" data-elementor-lightbox-slideshow=\"e2820c4\" data-elementor-lightbox-title=\"Canan Da\u011fdeviren K\u0131z \u00d6\u011frenci Yurdu\" data-elementor-lightbox-description=\"Canan Da\u011fdeviren K\u0131z \u00d6\u011frenci Yurdu\" data-e-action-hash=\"#elementor-action%3Aaction%3Dlightbox%26settings%3DeyJpZCI6MTE3NCwidXJsIjoiaHR0cHM6XC9cL3N0ZXB1cC15dXJ0bGFyaS5jb21cL3dwLWNvbnRlbnRcL3VwbG9hZHNcLzIwMjRcLzEwXC9waG90b19cdTA2NjJcdTA2NjBcdTA2NjJcdTA2NjQtXHUwNjYxXHUwNjYwLVx1MDY2MFx1MDY2N19cdTA2NjFcdTA2NjAtXHUwNjYyXHUwNjYzLVx1MDY2NFx1MDY2MC0xLmpwZyIsInNsaWRlc2hvdyI6ImUyODIwYzQifQ%3D%3D\">\n\t\t\t\t\t<div class=\"e-gallery-image elementor-gallery-item__image\" data-thumbnail=\"https:\/\/stepup-yurtlari.com\/wp-content\/uploads\/2024\/10\/photo_\u0662\u0660\u0662\u0664-\u0661\u0660-\u0660\u0667_\u0661\u0660-\u0662\u0663-\u0664\u0660-1-300x169.jpg\" data-width=\"300\" data-height=\"169\" aria-label=\"\" role=\"img\" ><\/div>\n\t\t\t\t\t\t\t\t\t\t\t<div class=\"elementor-gallery-item__overlay\"><\/div>\n\t\t\t\t\t\t\t\t\t\t\t\t\t\t<\/a>\n\t\t\t\t\t\t\t<a class=\"e-gallery-item elementor-gallery-item elementor-animated-content\" href=\"https:\/\/stepup-yurtlari.com\/wp-content\/uploads\/2024\/10\/photo_\u0662\u0660\u0662\u0664-\u0661\u0660-\u0660\u0667_\u0661\u0660-\u0662\u0663-\u0664\u0660.jpg\" data-elementor-open-lightbox=\"yes\" data-elementor-lightbox-slideshow=\"e2820c4\" data-elementor-lightbox-title=\"Canan Da\u011fdeviren K\u0131z \u00d6\u011frenci Yurdu\" data-elementor-lightbox-description=\"Canan Da\u011fdeviren K\u0131z \u00d6\u011frenci Yurdu\" data-e-action-hash=\"#elementor-action%3Aaction%3Dlightbox%26settings%3DeyJpZCI6ODIxLCJ1cmwiOiJodHRwczpcL1wvc3RlcHVwLXl1cnRsYXJpLmNvbVwvd3AtY29udGVudFwvdXBsb2Fkc1wvMjAyNFwvMTBcL3Bob3RvX1x1MDY2Mlx1MDY2MFx1MDY2Mlx1MDY2NC1cdTA2NjFcdTA2NjAtXHUwNjYwXHUwNjY3X1x1MDY2MVx1MDY2MC1cdTA2NjJcdTA2NjMtXHUwNjY0XHUwNjYwLmpwZyIsInNsaWRlc2hvdyI6ImUyODIwYzQifQ%3D%3D\">\n\t\t\t\t\t<div class=\"e-gallery-image elementor-gallery-item__image\" data-thumbnail=\"https:\/\/stepup-yurtlari.com\/wp-content\/uploads\/2024\/10\/photo_\u0662\u0660\u0662\u0664-\u0661\u0660-\u0660\u0667_\u0661\u0660-\u0662\u0663-\u0664\u0660-300x169.jpg\" data-width=\"300\" data-height=\"169\" aria-label=\"Canan Da\u011fdeviren K\u0131z \u00d6\u011frenci Yurdu\" role=\"img\" ><\/div>\n\t\t\t\t\t\t\t\t\t\t\t<div class=\"elementor-gallery-item__overlay\"><\/div>\n\t\t\t\t\t\t\t\t\t\t\t\t\t\t<\/a>\n\t\t\t\t\t\t\t<a class=\"e-gallery-item elementor-gallery-item elementor-animated-content\" href=\"https:\/\/stepup-yurtlari.com\/wp-content\/uploads\/2024\/10\/photo_\u0662\u0660\u0662\u0664-\u0661\u0660-\u0660\u0667_\u0661\u0665-\u0664\u0668-\u0662\u0669.jpg\" data-elementor-open-lightbox=\"yes\" data-elementor-lightbox-slideshow=\"e2820c4\" data-elementor-lightbox-title=\"Canan Da\u011fdeviren K\u0131z \u00d6\u011frenci Yurdu\" data-elementor-lightbox-description=\"Canan Da\u011fdeviren K\u0131z \u00d6\u011frenci Yurdu\" data-e-action-hash=\"#elementor-action%3Aaction%3Dlightbox%26settings%3DeyJpZCI6MTI0OSwidXJsIjoiaHR0cHM6XC9cL3N0ZXB1cC15dXJ0bGFyaS5jb21cL3dwLWNvbnRlbnRcL3VwbG9hZHNcLzIwMjRcLzEwXC9waG90b19cdTA2NjJcdTA2NjBcdTA2NjJcdTA2NjQtXHUwNjYxXHUwNjYwLVx1MDY2MFx1MDY2N19cdTA2NjFcdTA2NjUtXHUwNjY0XHUwNjY4LVx1MDY2Mlx1MDY2OS5qcGciLCJzbGlkZXNob3ciOiJlMjgyMGM0In0%3D\">\n\t\t\t\t\t<div class=\"e-gallery-image elementor-gallery-item__image\" data-thumbnail=\"https:\/\/stepup-yurtlari.com\/wp-content\/uploads\/2024\/10\/photo_\u0662\u0660\u0662\u0664-\u0661\u0660-\u0660\u0667_\u0661\u0665-\u0664\u0668-\u0662\u0669-300x169.jpg\" data-width=\"300\" data-height=\"169\" aria-label=\"\" role=\"img\" ><\/div>\n\t\t\t\t\t\t\t\t\t\t\t<div class=\"elementor-gallery-item__overlay\"><\/div>\n\t\t\t\t\t\t\t\t\t\t\t\t\t\t<\/a>\n\t\t\t\t\t<\/div>\n\t\t\t<\/div>\n\t\t\t\t<\/div>\n\t\t\t\t<\/div>\n\t\t\t\t\t<\/div>\n\t\t\t\t<\/div>\n\t\t\t\t<\/div>\n\t\t","protected":false},"excerpt":{"rendered":"<p>Comfortable and Safe Rooms at Stepup Dormitories We offer comfortable rooms equipped with everything you need to ensure a cozy [&hellip;]<\/p>\n","protected":false},"author":2,"featured_media":3014,"parent":0,"menu_order":0,"comment_status":"closed","ping_status":"closed","template":"","meta":{"site-sidebar-layout":"no-sidebar","site-content-layout":"","ast-site-content-layout":"full-width-container","site-content-style":"default","site-sidebar-style":"default","ast-global-header-display":"","ast-banner-title-visibility":"","ast-main-header-display":"","ast-hfb-above-header-display":"","ast-hfb-below-header-display":"","ast-hfb-mobile-header-display":"","site-post-title":"disabled","ast-breadcrumbs-content":"","ast-featured-img":"disabled","footer-sml-layout":"","theme-transparent-header-meta":"default","adv-header-id-meta":"","stick-header-meta":"","header-above-stick-meta":"","header-main-stick-meta":"","header-below-stick-meta":"","astra-migrate-meta-layouts":"default","ast-page-background-enabled":"default","ast-page-background-meta":{"desktop":{"background-color":"var(--ast-global-color-4)","background-image":"","background-repeat":"repeat","background-position":"center center","background-size":"auto","background-attachment":"scroll","background-type":"","background-media":"","overlay-type":"","overlay-color":"","overlay-opacity":"","overlay-gradient":""},"tablet":{"background-color":"","background-image":"","background-repeat":"repeat","background-position":"center center","background-size":"auto","background-attachment":"scroll","background-type":"","background-media":"","overlay-type":"","overlay-color":"","overlay-opacity":"","overlay-gradient":""},"mobile":{"background-color":"","background-image":"","background-repeat":"repeat","background-position":"center center","background-size":"auto","background-attachment":"scroll","background-type":"","background-media":"","overlay-type":"","overlay-color":"","overlay-opacity":"","overlay-gradient":""}},"ast-content-background-meta":{"desktop":{"background-color":"var(--ast-global-color-5)","background-image":"","background-repeat":"repeat","background-position":"center center","background-size":"auto","background-attachment":"scroll","background-type":"","background-media":"","overlay-type":"","overlay-color":"","overlay-opacity":"","overlay-gradient":""},"tablet":{"background-color":"var(--ast-global-color-5)","background-image":"","background-repeat":"repeat","background-position":"center center","background-size":"auto","background-attachment":"scroll","background-type":"","background-media":"","overlay-type":"","overlay-color":"","overlay-opacity":"","overlay-gradient":""},"mobile":{"background-color":"var(--ast-global-color-5)","background-image":"","background-repeat":"repeat","background-position":"center center","background-size":"auto","background-attachment":"scroll","background-type":"","background-media":"","overlay-type":"","overlay-color":"","overlay-opacity":"","overlay-gradient":""}},"footnotes":""},"class_list":["post-1581","page","type-page","status-publish","has-post-thumbnail","hentry"],"_links":{"self":[{"href":"https:\/\/stepup-yurtlari.com\/en\/wp-json\/wp\/v2\/pages\/1581"}],"collection":[{"href":"https:\/\/stepup-yurtlari.com\/en\/wp-json\/wp\/v2\/pages"}],"about":[{"href":"https:\/\/stepup-yurtlari.com\/en\/wp-json\/wp\/v2\/types\/page"}],"author":[{"embeddable":true,"href":"https:\/\/stepup-yurtlari.com\/en\/wp-json\/wp\/v2\/users\/2"}],"replies":[{"embeddable":true,"href":"https:\/\/stepup-yurtlari.com\/en\/wp-json\/wp\/v2\/comments?post=1581"}],"version-history":[{"count":21,"href":"https:\/\/stepup-yurtlari.com\/en\/wp-json\/wp\/v2\/pages\/1581\/revisions"}],"predecessor-version":[{"id":7096,"href":"https:\/\/stepup-yurtlari.com\/en\/wp-json\/wp\/v2\/pages\/1581\/revisions\/7096"}],"wp:featuredmedia":[{"embeddable":true,"href":"https:\/\/stepup-yurtlari.com\/en\/wp-json\/wp\/v2\/media\/3014"}],"wp:attachment":[{"href":"https:\/\/stepup-yurtlari.com\/en\/wp-json\/wp\/v2\/media?parent=1581"}],"curies":[{"name":"wp","href":"https:\/\/api.w.org\/{rel}","templated":true}]}}