{"id":1489,"date":"2024-10-07T12:10:48","date_gmt":"2024-10-07T12:10:48","guid":{"rendered":"https:\/\/stepup-yurtlari.com\/4-kisilik-tek-banyo\/"},"modified":"2025-08-20T12:00:27","modified_gmt":"2025-08-20T12:00:27","slug":"%d8%ba%d8%b1%d9%81%d8%a9-%d9%84%d8%a3%d8%b1%d8%a8%d8%b9-%d8%a3%d8%b4%d8%ae%d8%a7%d8%b5-%d9%85%d8%b9-%d8%ad%d9%85%d8%a7%d9%85-%d9%88%d8%a7%d8%ad%d8%af","status":"publish","type":"page","link":"https:\/\/stepup-yurtlari.com\/ar\/%d8%ba%d8%b1%d9%81%d8%a9-%d9%84%d8%a3%d8%b1%d8%a8%d8%b9-%d8%a3%d8%b4%d8%ae%d8%a7%d8%b5-%d9%85%d8%b9-%d8%ad%d9%85%d8%a7%d9%85-%d9%88%d8%a7%d8%ad%d8%af\/","title":{"rendered":"\u063a\u0631\u0641\u0629 \u0644\u0623\u0631\u0628\u0639 \u0623\u0634\u062e\u0627\u0635 \u0645\u0639 \u062d\u0645\u0627\u0645 \u0648\u0627\u062d\u062f"},"content":{"rendered":"\t\t<div data-elementor-type=\"wp-page\" data-elementor-id=\"1489\" class=\"elementor elementor-1489 elementor-1167\" data-elementor-post-type=\"page\">\n\t\t\t\t<div class=\"elementor-element elementor-element-02b96e4 e-flex e-con-boxed e-con e-parent\" data-id=\"02b96e4\" data-element_type=\"container\" data-settings=\"{&quot;background_background&quot;:&quot;classic&quot;}\">\n\t\t\t\t\t<div class=\"e-con-inner\">\n\t\t<div class=\"elementor-element elementor-element-d06a801 e-con-full e-flex e-con e-child\" data-id=\"d06a801\" data-element_type=\"container\">\n\t\t\t\t<\/div>\n\t\t\t\t\t<\/div>\n\t\t\t\t<\/div>\n\t\t<div class=\"elementor-element elementor-element-8c9a104 e-flex e-con-boxed e-con e-parent\" data-id=\"8c9a104\" data-element_type=\"container\">\n\t\t\t\t\t<div class=\"e-con-inner\">\n\t\t<div class=\"elementor-element elementor-element-27eaa8c e-con-full e-flex e-con e-child\" data-id=\"27eaa8c\" data-element_type=\"container\">\n\t\t\t\t<div class=\"elementor-element elementor-element-0f8eb74 elementor-view-default elementor-position-top elementor-mobile-position-top elementor-widget elementor-widget-icon-box\" data-id=\"0f8eb74\" data-element_type=\"widget\" data-widget_type=\"icon-box.default\">\n\t\t\t\t<div class=\"elementor-widget-container\">\n\t\t\t\t\t<div class=\"elementor-icon-box-wrapper\">\n\n\t\t\t\t\t\t<div class=\"elementor-icon-box-icon\">\n\t\t\t\t<span  class=\"elementor-icon elementor-animation-\">\n\t\t\t\t<svg aria-hidden=\"true\" class=\"e-font-icon-svg e-far-arrow-alt-circle-left\" viewBox=\"0 0 512 512\" xmlns=\"http:\/\/www.w3.org\/2000\/svg\"><path d=\"M8 256c0 137 111 248 248 248s248-111 248-248S393 8 256 8 8 119 8 256zm448 0c0 110.5-89.5 200-200 200S56 366.5 56 256 145.5 56 256 56s200 89.5 200 200zm-72-20v40c0 6.6-5.4 12-12 12H256v67c0 10.7-12.9 16-20.5 8.5l-99-99c-4.7-4.7-4.7-12.3 0-17l99-99c7.6-7.6 20.5-2.2 20.5 8.5v67h116c6.6 0 12 5.4 12 12z\"><\/path><\/svg>\t\t\t\t<\/span>\n\t\t\t<\/div>\n\t\t\t\n\t\t\t\t\t\t<div class=\"elementor-icon-box-content\">\n\n\t\t\t\t\t\t\t\t\t<h2 class=\"elementor-icon-box-title\">\n\t\t\t\t\t\t<span  >\n\t\t\t\t\t\t\t\u063a\u0631\u0641 \u0645\u0631\u064a\u062d\u0629 \u0648\u0622\u0645\u0646\u0629 \u0641\u064a \u0633\u0643\u0646 \u0633\u062a\u064a\u0628 \u0622\u0628 \u0644\u0644\u0637\u0644\u0627\u0628\t\t\t\t\t\t<\/span>\n\t\t\t\t\t<\/h2>\n\t\t\t\t\n\t\t\t\t\n\t\t\t<\/div>\n\t\t\t\n\t\t<\/div>\n\t\t\t\t<\/div>\n\t\t\t\t<\/div>\n\t\t\t\t<\/div>\n\t\t<div class=\"elementor-element elementor-element-3353ce3 e-con-full e-flex e-con e-child\" data-id=\"3353ce3\" data-element_type=\"container\">\n\t\t\t\t<div class=\"elementor-element elementor-element-17ed465 elementor-widget elementor-widget-text-editor\" data-id=\"17ed465\" data-element_type=\"widget\" data-widget_type=\"text-editor.default\">\n\t\t\t\t<div class=\"elementor-widget-container\">\n\t\t\t\t\t\t\t<p>\u0646\u0642\u062f\u0645 \u0644\u0643 \u063a\u0631\u0641\u064b\u0627 \u0645\u0631\u064a\u062d\u0629 \u0648\u0645\u062c\u0647\u0632\u0629 \u0628\u0643\u0627\u0641\u0629 \u0627\u0644\u0627\u062d\u062a\u064a\u0627\u062c\u0627\u062a \u0627\u0644\u062a\u064a \u062a\u0636\u0645\u0646 \u0644\u0643 \u0628\u064a\u0626\u0629 \u0645\u0631\u064a\u062d\u0629 \u0648\u0622\u0645\u0646\u0629 \u0644\u0644\u062f\u0631\u0627\u0633\u0629 \u0648\u0627\u0644\u0631\u0627\u062d\u0629. \u062a\u062d\u062a\u0648\u064a \u063a\u0631\u0641\u0646\u0627 \u0639\u0644\u0649 \u0623\u062b\u0627\u062b \u062d\u062f\u064a\u062b \u0648\u0645\u0633\u0627\u062d\u0627\u062a \u0648\u0627\u0633\u0639\u0629\u060c \u0645\u0639 \u0645\u0631\u0627\u0639\u0627\u0629 \u0623\u0639\u0644\u0649 \u0645\u0639\u0627\u064a\u064a\u0631 \u0627\u0644\u0646\u0638\u0627\u0641\u0629 \u0648\u0627\u0644\u0631\u0627\u062d\u0629. \u0643\u0645\u0627 \u0646\u0648\u0641\u0631 \u062e\u064a\u0627\u0631\u0627\u062a \u0645\u062a\u0639\u062f\u062f\u0629 \u062a\u0646\u0627\u0633\u0628 \u0627\u062d\u062a\u064a\u0627\u062c\u0627\u062a\u0643 \u0627\u0644\u0634\u062e\u0635\u064a\u0629.<\/p><p><strong>\u062e\u062f\u0645\u0627\u062a \u0625\u0636\u0627\u0641\u064a\u0629<\/strong><\/p><ul><li>\u062e\u062f\u0645\u0629 \u0627\u0644\u0625\u0646\u062a\u0631\u0646\u062a \u0639\u0627\u0644\u064a\u0629 \u0627\u0644\u0633\u0631\u0639\u0629<\/li><li>\u062e\u062f\u0645\u0627\u062a \u0627\u0644\u062a\u0646\u0638\u064a\u0641 \u0648\u0627\u0644\u0635\u064a\u0627\u0646\u0629 \u0627\u0644\u062f\u0648\u0631\u064a\u0629<\/li><li>\u0623\u062c\u0648\u0627\u0621 \u0647\u0627\u062f\u0626\u0629 \u0644\u062f\u0639\u0645 \u062a\u062d\u0635\u064a\u0644\u0643 \u0627\u0644\u0639\u0644\u0645\u064a<\/li><\/ul><p>\u0627\u062d\u062c\u0632 \u063a\u0631\u0641\u062a\u0643 \u0627\u0644\u0622\u0646 \u0648\u0627\u0633\u062a\u0645\u062a\u0639 \u0628\u0625\u0642\u0627\u0645\u0629 \u0645\u0631\u064a\u062d\u0629 \u0641\u064a \u0633\u0643\u0646 \u0633\u062a\u064a\u0628 \u0622\u0628!<\/p>\t\t\t\t\t\t<\/div>\n\t\t\t\t<\/div>\n\t\t\t\t<\/div>\n\t\t\t\t\t<\/div>\n\t\t\t\t<\/div>\n\t\t<div class=\"elementor-element elementor-element-11d57fc e-flex e-con-boxed e-con e-parent\" data-id=\"11d57fc\" data-element_type=\"container\">\n\t\t\t\t\t<div class=\"e-con-inner\">\n\t\t<div class=\"elementor-element elementor-element-2cc24a3 e-con-full e-flex e-con e-child\" data-id=\"2cc24a3\" data-element_type=\"container\">\n\t\t\t\t<div class=\"elementor-element elementor-element-67ec56b elementor-invisible elementor-widget elementor-widget-heading\" data-id=\"67ec56b\" data-element_type=\"widget\" data-settings=\"{&quot;_animation&quot;:&quot;bounceInDown&quot;}\" data-widget_type=\"heading.default\">\n\t\t\t\t<div class=\"elementor-widget-container\">\n\t\t\t<h3 class=\"elementor-heading-title elementor-size-default\">\u0633\u0643\u0646 \u0633\u062a\u064a\u0628 \u0622\u0628 \u0644\u0644\u0637\u0644\u0627\u0628<\/h3>\t\t<\/div>\n\t\t\t\t<\/div>\n\t\t\t\t<div class=\"elementor-element elementor-element-181136a elementor-invisible elementor-widget elementor-widget-heading\" data-id=\"181136a\" data-element_type=\"widget\" data-settings=\"{&quot;_animation&quot;:&quot;bounceInDown&quot;}\" data-widget_type=\"heading.default\">\n\t\t\t\t<div class=\"elementor-widget-container\">\n\t\t\t<h5 class=\"elementor-heading-title elementor-size-default\">\u063a\u0631\u0641\u0629 \u0644\u0623\u0631\u0628\u0639\u0629 \u0623\u0634\u062e\u0627\u0635 \u0645\u0639 \u062d\u0645\u0627\u0645 \u0648\u0627\u062d\u062f<\/h5>\t\t<\/div>\n\t\t\t\t<\/div>\n\t\t\t\t<div class=\"elementor-element elementor-element-b2ee719 elementor-widget elementor-widget-gallery\" data-id=\"b2ee719\" data-element_type=\"widget\" data-settings=\"{&quot;columns&quot;:3,&quot;lazyload&quot;:&quot;yes&quot;,&quot;gallery_layout&quot;:&quot;grid&quot;,&quot;columns_tablet&quot;:2,&quot;columns_mobile&quot;:1,&quot;gap&quot;:{&quot;unit&quot;:&quot;px&quot;,&quot;size&quot;:10,&quot;sizes&quot;:[]},&quot;gap_tablet&quot;:{&quot;unit&quot;:&quot;px&quot;,&quot;size&quot;:10,&quot;sizes&quot;:[]},&quot;gap_mobile&quot;:{&quot;unit&quot;:&quot;px&quot;,&quot;size&quot;:10,&quot;sizes&quot;:[]},&quot;link_to&quot;:&quot;file&quot;,&quot;aspect_ratio&quot;:&quot;3:2&quot;,&quot;overlay_background&quot;:&quot;yes&quot;,&quot;content_hover_animation&quot;:&quot;fade-in&quot;}\" data-widget_type=\"gallery.default\">\n\t\t\t\t<div class=\"elementor-widget-container\">\n\t\t\t\t\t<div class=\"elementor-gallery__container\">\n\t\t\t\t\t\t\t<a class=\"e-gallery-item elementor-gallery-item elementor-animated-content\" href=\"https:\/\/stepup-yurtlari.com\/wp-content\/uploads\/2024\/10\/1o.jpg\" data-elementor-open-lightbox=\"yes\" data-elementor-lightbox-slideshow=\"b2ee719\" data-elementor-lightbox-title=\"Stepup Yurtlari\" data-elementor-lightbox-description=\"Stepup Yurtlari\" data-e-action-hash=\"#elementor-action%3Aaction%3Dlightbox%26settings%3DeyJpZCI6MzY5LCJ1cmwiOiJodHRwczpcL1wvc3RlcHVwLXl1cnRsYXJpLmNvbVwvd3AtY29udGVudFwvdXBsb2Fkc1wvMjAyNFwvMTBcLzFvLmpwZyIsInNsaWRlc2hvdyI6ImIyZWU3MTkifQ%3D%3D\">\n\t\t\t\t\t<div class=\"e-gallery-image elementor-gallery-item__image\" data-thumbnail=\"https:\/\/stepup-yurtlari.com\/wp-content\/uploads\/2024\/10\/1o-300x169.jpg\" data-width=\"300\" data-height=\"169\" aria-label=\"Canan Da\u011fdeviren K\u0131z \u00d6\u011frenci Yurdu\" role=\"img\" ><\/div>\n\t\t\t\t\t\t\t\t\t\t\t<div class=\"elementor-gallery-item__overlay\"><\/div>\n\t\t\t\t\t\t\t\t\t\t\t\t\t\t<\/a>\n\t\t\t\t\t\t\t<a class=\"e-gallery-item elementor-gallery-item elementor-animated-content\" href=\"https:\/\/stepup-yurtlari.com\/wp-content\/uploads\/2024\/10\/2q.jpeg\" data-elementor-open-lightbox=\"yes\" data-elementor-lightbox-slideshow=\"b2ee719\" data-elementor-lightbox-title=\"Stepup Yurtlari\" data-elementor-lightbox-description=\"Stepup Yurtlari\" data-e-action-hash=\"#elementor-action%3Aaction%3Dlightbox%26settings%3DeyJpZCI6MzcxLCJ1cmwiOiJodHRwczpcL1wvc3RlcHVwLXl1cnRsYXJpLmNvbVwvd3AtY29udGVudFwvdXBsb2Fkc1wvMjAyNFwvMTBcLzJxLmpwZWciLCJzbGlkZXNob3ciOiJiMmVlNzE5In0%3D\">\n\t\t\t\t\t<div class=\"e-gallery-image elementor-gallery-item__image\" data-thumbnail=\"https:\/\/stepup-yurtlari.com\/wp-content\/uploads\/2024\/10\/2q-225x300.jpeg\" data-width=\"225\" data-height=\"300\" aria-label=\"Canan Da\u011fdeviren K\u0131z \u00d6\u011frenci Yurdu\" role=\"img\" ><\/div>\n\t\t\t\t\t\t\t\t\t\t\t<div class=\"elementor-gallery-item__overlay\"><\/div>\n\t\t\t\t\t\t\t\t\t\t\t\t\t\t<\/a>\n\t\t\t\t\t\t\t<a class=\"e-gallery-item elementor-gallery-item elementor-animated-content\" href=\"https:\/\/stepup-yurtlari.com\/wp-content\/uploads\/2024\/10\/5.jpeg\" data-elementor-open-lightbox=\"yes\" data-elementor-lightbox-slideshow=\"b2ee719\" data-elementor-lightbox-title=\"Canan Da\u011fdeviren K\u0131z \u00d6\u011frenci Yurdu\" data-elementor-lightbox-description=\"Canan Da\u011fdeviren K\u0131z \u00d6\u011frenci Yurdu\" data-e-action-hash=\"#elementor-action%3Aaction%3Dlightbox%26settings%3DeyJpZCI6MzcyLCJ1cmwiOiJodHRwczpcL1wvc3RlcHVwLXl1cnRsYXJpLmNvbVwvd3AtY29udGVudFwvdXBsb2Fkc1wvMjAyNFwvMTBcLzUuanBlZyIsInNsaWRlc2hvdyI6ImIyZWU3MTkifQ%3D%3D\">\n\t\t\t\t\t<div class=\"e-gallery-image elementor-gallery-item__image\" data-thumbnail=\"https:\/\/stepup-yurtlari.com\/wp-content\/uploads\/2024\/10\/5-225x300.jpeg\" data-width=\"225\" data-height=\"300\" aria-label=\"Canan Da\u011fdeviren K\u0131z \u00d6\u011frenci Yurdu\" role=\"img\" ><\/div>\n\t\t\t\t\t\t\t\t\t\t\t<div class=\"elementor-gallery-item__overlay\"><\/div>\n\t\t\t\t\t\t\t\t\t\t\t\t\t\t<\/a>\n\t\t\t\t\t\t\t<a class=\"e-gallery-item elementor-gallery-item elementor-animated-content\" href=\"https:\/\/stepup-yurtlari.com\/wp-content\/uploads\/2024\/10\/1.jpeg\" data-elementor-open-lightbox=\"yes\" data-elementor-lightbox-slideshow=\"b2ee719\" data-elementor-lightbox-title=\"Stepup Yurtlari\" data-elementor-lightbox-description=\"Stepup Yurtlari\" data-e-action-hash=\"#elementor-action%3Aaction%3Dlightbox%26settings%3DeyJpZCI6MzYzLCJ1cmwiOiJodHRwczpcL1wvc3RlcHVwLXl1cnRsYXJpLmNvbVwvd3AtY29udGVudFwvdXBsb2Fkc1wvMjAyNFwvMTBcLzEuanBlZyIsInNsaWRlc2hvdyI6ImIyZWU3MTkifQ%3D%3D\">\n\t\t\t\t\t<div class=\"e-gallery-image elementor-gallery-item__image\" data-thumbnail=\"https:\/\/stepup-yurtlari.com\/wp-content\/uploads\/2024\/10\/1-225x300.jpeg\" data-width=\"225\" data-height=\"300\" aria-label=\"Canan Da\u011fdeviren K\u0131z \u00d6\u011frenci Yurdu\" role=\"img\" ><\/div>\n\t\t\t\t\t\t\t\t\t\t\t<div class=\"elementor-gallery-item__overlay\"><\/div>\n\t\t\t\t\t\t\t\t\t\t\t\t\t\t<\/a>\n\t\t\t\t\t\t\t<a class=\"e-gallery-item elementor-gallery-item elementor-animated-content\" href=\"https:\/\/stepup-yurtlari.com\/wp-content\/uploads\/2024\/10\/photo_\u0662\u0660\u0662\u0664-\u0661\u0660-\u0660\u0667_\u0661\u0660-\u0662\u0663-\u0664\u0660.jpg\" data-elementor-open-lightbox=\"yes\" data-elementor-lightbox-slideshow=\"b2ee719\" data-elementor-lightbox-title=\"Canan Da\u011fdeviren K\u0131z \u00d6\u011frenci Yurdu\" data-elementor-lightbox-description=\"Canan Da\u011fdeviren K\u0131z \u00d6\u011frenci Yurdu\" data-e-action-hash=\"#elementor-action%3Aaction%3Dlightbox%26settings%3DeyJpZCI6ODIxLCJ1cmwiOiJodHRwczpcL1wvc3RlcHVwLXl1cnRsYXJpLmNvbVwvd3AtY29udGVudFwvdXBsb2Fkc1wvMjAyNFwvMTBcL3Bob3RvX1x1MDY2Mlx1MDY2MFx1MDY2Mlx1MDY2NC1cdTA2NjFcdTA2NjAtXHUwNjYwXHUwNjY3X1x1MDY2MVx1MDY2MC1cdTA2NjJcdTA2NjMtXHUwNjY0XHUwNjYwLmpwZyIsInNsaWRlc2hvdyI6ImIyZWU3MTkifQ%3D%3D\">\n\t\t\t\t\t<div class=\"e-gallery-image elementor-gallery-item__image\" data-thumbnail=\"https:\/\/stepup-yurtlari.com\/wp-content\/uploads\/2024\/10\/photo_\u0662\u0660\u0662\u0664-\u0661\u0660-\u0660\u0667_\u0661\u0660-\u0662\u0663-\u0664\u0660-300x169.jpg\" data-width=\"300\" data-height=\"169\" aria-label=\"Canan Da\u011fdeviren K\u0131z \u00d6\u011frenci Yurdu\" role=\"img\" ><\/div>\n\t\t\t\t\t\t\t\t\t\t\t<div class=\"elementor-gallery-item__overlay\"><\/div>\n\t\t\t\t\t\t\t\t\t\t\t\t\t\t<\/a>\n\t\t\t\t\t\t\t<a class=\"e-gallery-item elementor-gallery-item elementor-animated-content\" href=\"https:\/\/stepup-yurtlari.com\/wp-content\/uploads\/2024\/10\/photo_\u0662\u0660\u0662\u0664-\u0661\u0660-\u0660\u0667_\u0661\u0665-\u0660\u0667-\u0663\u0669.jpg\" data-elementor-open-lightbox=\"yes\" data-elementor-lightbox-slideshow=\"b2ee719\" data-elementor-lightbox-title=\"Canan Da\u011fdeviren K\u0131z \u00d6\u011frenci Yurdu\" data-elementor-lightbox-description=\"Canan Da\u011fdeviren K\u0131z \u00d6\u011frenci Yurdu\" data-e-action-hash=\"#elementor-action%3Aaction%3Dlightbox%26settings%3DeyJpZCI6MTE2MywidXJsIjoiaHR0cHM6XC9cL3N0ZXB1cC15dXJ0bGFyaS5jb21cL3dwLWNvbnRlbnRcL3VwbG9hZHNcLzIwMjRcLzEwXC9waG90b19cdTA2NjJcdTA2NjBcdTA2NjJcdTA2NjQtXHUwNjYxXHUwNjYwLVx1MDY2MFx1MDY2N19cdTA2NjFcdTA2NjUtXHUwNjYwXHUwNjY3LVx1MDY2M1x1MDY2OS5qcGciLCJzbGlkZXNob3ciOiJiMmVlNzE5In0%3D\">\n\t\t\t\t\t<div class=\"e-gallery-image elementor-gallery-item__image\" data-thumbnail=\"https:\/\/stepup-yurtlari.com\/wp-content\/uploads\/2024\/10\/photo_\u0662\u0660\u0662\u0664-\u0661\u0660-\u0660\u0667_\u0661\u0665-\u0660\u0667-\u0663\u0669-300x169.jpg\" data-width=\"300\" data-height=\"169\" aria-label=\"\" role=\"img\" ><\/div>\n\t\t\t\t\t\t\t\t\t\t\t<div class=\"elementor-gallery-item__overlay\"><\/div>\n\t\t\t\t\t\t\t\t\t\t\t\t\t\t<\/a>\n\t\t\t\t\t<\/div>\n\t\t\t<\/div>\n\t\t\t\t<\/div>\n\t\t\t\t<\/div>\n\t\t\t\t\t<\/div>\n\t\t\t\t<\/div>\n\t\t\t\t<\/div>\n\t\t","protected":false},"excerpt":{"rendered":"<p>\u063a\u0631\u0641 \u0645\u0631\u064a\u062d\u0629 \u0648\u0622\u0645\u0646\u0629 \u0641\u064a \u0633\u0643\u0646 \u0633\u062a\u064a\u0628 \u0622\u0628 \u0644\u0644\u0637\u0644\u0627\u0628 \u0646\u0642\u062f\u0645 \u0644\u0643 \u063a\u0631\u0641\u064b\u0627 \u0645\u0631\u064a\u062d\u0629 \u0648\u0645\u062c\u0647\u0632\u0629 \u0628\u0643\u0627\u0641\u0629 \u0627\u0644\u0627\u062d\u062a\u064a\u0627\u062c\u0627\u062a \u0627\u0644\u062a\u064a \u062a\u0636\u0645\u0646 \u0644\u0643 \u0628\u064a\u0626\u0629 \u0645\u0631\u064a\u062d\u0629 [&hellip;]<\/p>\n","protected":false},"author":2,"featured_media":2883,"parent":0,"menu_order":0,"comment_status":"closed","ping_status":"closed","template":"","meta":{"site-sidebar-layout":"no-sidebar","site-content-layout":"","ast-site-content-layout":"full-width-container","site-content-style":"default","site-sidebar-style":"default","ast-global-header-display":"","ast-banner-title-visibility":"","ast-main-header-display":"","ast-hfb-above-header-display":"","ast-hfb-below-header-display":"","ast-hfb-mobile-header-display":"","site-post-title":"disabled","ast-breadcrumbs-content":"","ast-featured-img":"disabled","footer-sml-layout":"","theme-transparent-header-meta":"default","adv-header-id-meta":"","stick-header-meta":"","header-above-stick-meta":"","header-main-stick-meta":"","header-below-stick-meta":"","astra-migrate-meta-layouts":"default","ast-page-background-enabled":"default","ast-page-background-meta":{"desktop":{"background-color":"var(--ast-global-color-4)","background-image":"","background-repeat":"repeat","background-position":"center center","background-size":"auto","background-attachment":"scroll","background-type":"","background-media":"","overlay-type":"","overlay-color":"","overlay-opacity":"","overlay-gradient":""},"tablet":{"background-color":"","background-image":"","background-repeat":"repeat","background-position":"center center","background-size":"auto","background-attachment":"scroll","background-type":"","background-media":"","overlay-type":"","overlay-color":"","overlay-opacity":"","overlay-gradient":""},"mobile":{"background-color":"","background-image":"","background-repeat":"repeat","background-position":"center center","background-size":"auto","background-attachment":"scroll","background-type":"","background-media":"","overlay-type":"","overlay-color":"","overlay-opacity":"","overlay-gradient":""}},"ast-content-background-meta":{"desktop":{"background-color":"var(--ast-global-color-5)","background-image":"","background-repeat":"repeat","background-position":"center center","background-size":"auto","background-attachment":"scroll","background-type":"","background-media":"","overlay-type":"","overlay-color":"","overlay-opacity":"","overlay-gradient":""},"tablet":{"background-color":"var(--ast-global-color-5)","background-image":"","background-repeat":"repeat","background-position":"center center","background-size":"auto","background-attachment":"scroll","background-type":"","background-media":"","overlay-type":"","overlay-color":"","overlay-opacity":"","overlay-gradient":""},"mobile":{"background-color":"var(--ast-global-color-5)","background-image":"","background-repeat":"repeat","background-position":"center center","background-size":"auto","background-attachment":"scroll","background-type":"","background-media":"","overlay-type":"","overlay-color":"","overlay-opacity":"","overlay-gradient":""}},"footnotes":""},"class_list":["post-1489","page","type-page","status-publish","has-post-thumbnail","hentry"],"_links":{"self":[{"href":"https:\/\/stepup-yurtlari.com\/ar\/wp-json\/wp\/v2\/pages\/1489"}],"collection":[{"href":"https:\/\/stepup-yurtlari.com\/ar\/wp-json\/wp\/v2\/pages"}],"about":[{"href":"https:\/\/stepup-yurtlari.com\/ar\/wp-json\/wp\/v2\/types\/page"}],"author":[{"embeddable":true,"href":"https:\/\/stepup-yurtlari.com\/ar\/wp-json\/wp\/v2\/users\/2"}],"replies":[{"embeddable":true,"href":"https:\/\/stepup-yurtlari.com\/ar\/wp-json\/wp\/v2\/comments?post=1489"}],"version-history":[{"count":20,"href":"https:\/\/stepup-yurtlari.com\/ar\/wp-json\/wp\/v2\/pages\/1489\/revisions"}],"predecessor-version":[{"id":6939,"href":"https:\/\/stepup-yurtlari.com\/ar\/wp-json\/wp\/v2\/pages\/1489\/revisions\/6939"}],"wp:featuredmedia":[{"embeddable":true,"href":"https:\/\/stepup-yurtlari.com\/ar\/wp-json\/wp\/v2\/media\/2883"}],"wp:attachment":[{"href":"https:\/\/stepup-yurtlari.com\/ar\/wp-json\/wp\/v2\/media?parent=1489"}],"curies":[{"name":"wp","href":"https:\/\/api.w.org\/{rel}","templated":true}]}}